{"id":307,"date":"2022-03-06T10:02:25","date_gmt":"2022-03-06T09:02:25","guid":{"rendered":"https:\/\/marrakech-events.com\/housing\/"},"modified":"2023-02-08T23:48:53","modified_gmt":"2023-02-08T22:48:53","slug":"housing","status":"publish","type":"page","link":"https:\/\/marrakech-events.com\/en\/housing\/","title":{"rendered":"Housing"},"content":{"rendered":"","protected":false},"excerpt":{"rendered":"","protected":false},"author":1,"featured_media":0,"parent":0,"menu_order":30,"comment_status":"closed","ping_status":"closed","template":"page-hebergement.php","meta":{"_acf_changed":false,"_monsterinsights_skip_tracking":false,"_monsterinsights_sitenote_active":false,"_monsterinsights_sitenote_note":"","_monsterinsights_sitenote_category":0,"footnotes":""},"class_list":["post-307","page","type-page","status-publish","hentry"],"acf":[],"yoast_head":"<!-- This site is optimized with the Yoast SEO plugin v27.5 - https:\/\/yoast.com\/product\/yoast-seo-wordpress\/ -->\n<title>Accommodation for seminars, parties and conventions in Marrakech, Morocco<\/title>\n<meta name=\"description\" content=\"Depending on your group, your budget and your desires, we offer accommodation in Marrakech in a hotel, a villa but also in a riad or in a bivouac.\" \/>\n<meta name=\"robots\" content=\"index, follow, max-snippet:-1, max-image-preview:large, max-video-preview:-1\" \/>\n<link rel=\"canonical\" href=\"https:\/\/marrakech-events.com\/en\/housing\/\" \/>\n<meta property=\"og:locale\" content=\"en_US\" \/>\n<meta property=\"og:type\" content=\"article\" \/>\n<meta property=\"og:title\" content=\"Accommodation for seminars, parties and conventions in Marrakech, Morocco\" \/>\n<meta property=\"og:description\" content=\"Depending on your group, your budget and your desires, we offer accommodation in Marrakech in a hotel, a villa but also in a riad or in a bivouac.\" \/>\n<meta property=\"og:url\" content=\"https:\/\/marrakech-events.com\/en\/housing\/\" \/>\n<meta property=\"og:site_name\" content=\"Marrakech Events, Incentive et s\u00e9minaires \u00e0 Marrakech au Maroc\" \/>\n<meta property=\"article:modified_time\" content=\"2023-02-08T22:48:53+00:00\" \/>\n<meta name=\"twitter:card\" content=\"summary_large_image\" \/>\n<script type=\"application\/ld+json\" class=\"yoast-schema-graph\">{\"@context\":\"https:\\\/\\\/schema.org\",\"@graph\":[{\"@type\":\"WebPage\",\"@id\":\"https:\\\/\\\/marrakech-events.com\\\/en\\\/housing\\\/\",\"url\":\"https:\\\/\\\/marrakech-events.com\\\/en\\\/housing\\\/\",\"name\":\"Accommodation for seminars, parties and conventions in Marrakech, Morocco\",\"isPartOf\":{\"@id\":\"https:\\\/\\\/marrakech-events.com\\\/#website\"},\"datePublished\":\"2022-03-06T09:02:25+00:00\",\"dateModified\":\"2023-02-08T22:48:53+00:00\",\"description\":\"Depending on your group, your budget and your desires, we offer accommodation in Marrakech in a hotel, a villa but also in a riad or in a bivouac.\",\"inLanguage\":\"en-US\",\"potentialAction\":[{\"@type\":\"ReadAction\",\"target\":[\"https:\\\/\\\/marrakech-events.com\\\/en\\\/housing\\\/\"]}]},{\"@type\":\"WebSite\",\"@id\":\"https:\\\/\\\/marrakech-events.com\\\/#website\",\"url\":\"https:\\\/\\\/marrakech-events.com\\\/\",\"name\":\"Marrakech Events, Incentive et s\u00e9minaires \u00e0 Marrakech au Maroc\",\"description\":\"Marrakech Events, Incentive et s\u00e9minaires \u00e0 Marrakech au Maroc\",\"potentialAction\":[{\"@type\":\"SearchAction\",\"target\":{\"@type\":\"EntryPoint\",\"urlTemplate\":\"https:\\\/\\\/marrakech-events.com\\\/?s={search_term_string}\"},\"query-input\":{\"@type\":\"PropertyValueSpecification\",\"valueRequired\":true,\"valueName\":\"search_term_string\"}}],\"inLanguage\":\"en-US\"}]}<\/script>\n<!-- \/ Yoast SEO plugin. -->","yoast_head_json":{"title":"Accommodation for seminars, parties and conventions in Marrakech, Morocco","description":"Depending on your group, your budget and your desires, we offer accommodation in Marrakech in a hotel, a villa but also in a riad or in a bivouac.","robots":{"index":"index","follow":"follow","max-snippet":"max-snippet:-1","max-image-preview":"max-image-preview:large","max-video-preview":"max-video-preview:-1"},"canonical":"https:\/\/marrakech-events.com\/en\/housing\/","og_locale":"en_US","og_type":"article","og_title":"Accommodation for seminars, parties and conventions in Marrakech, Morocco","og_description":"Depending on your group, your budget and your desires, we offer accommodation in Marrakech in a hotel, a villa but also in a riad or in a bivouac.","og_url":"https:\/\/marrakech-events.com\/en\/housing\/","og_site_name":"Marrakech Events, Incentive et s\u00e9minaires \u00e0 Marrakech au Maroc","article_modified_time":"2023-02-08T22:48:53+00:00","twitter_card":"summary_large_image","schema":{"@context":"https:\/\/schema.org","@graph":[{"@type":"WebPage","@id":"https:\/\/marrakech-events.com\/en\/housing\/","url":"https:\/\/marrakech-events.com\/en\/housing\/","name":"Accommodation for seminars, parties and conventions in Marrakech, Morocco","isPartOf":{"@id":"https:\/\/marrakech-events.com\/#website"},"datePublished":"2022-03-06T09:02:25+00:00","dateModified":"2023-02-08T22:48:53+00:00","description":"Depending on your group, your budget and your desires, we offer accommodation in Marrakech in a hotel, a villa but also in a riad or in a bivouac.","inLanguage":"en-US","potentialAction":[{"@type":"ReadAction","target":["https:\/\/marrakech-events.com\/en\/housing\/"]}]},{"@type":"WebSite","@id":"https:\/\/marrakech-events.com\/#website","url":"https:\/\/marrakech-events.com\/","name":"Marrakech Events, Incentive et s\u00e9minaires \u00e0 Marrakech au Maroc","description":"Marrakech Events, Incentive et s\u00e9minaires \u00e0 Marrakech au Maroc","potentialAction":[{"@type":"SearchAction","target":{"@type":"EntryPoint","urlTemplate":"https:\/\/marrakech-events.com\/?s={search_term_string}"},"query-input":{"@type":"PropertyValueSpecification","valueRequired":true,"valueName":"search_term_string"}}],"inLanguage":"en-US"}]}},"_links":{"self":[{"href":"https:\/\/marrakech-events.com\/en\/wp-json\/wp\/v2\/pages\/307","targetHints":{"allow":["GET"]}}],"collection":[{"href":"https:\/\/marrakech-events.com\/en\/wp-json\/wp\/v2\/pages"}],"about":[{"href":"https:\/\/marrakech-events.com\/en\/wp-json\/wp\/v2\/types\/page"}],"author":[{"embeddable":true,"href":"https:\/\/marrakech-events.com\/en\/wp-json\/wp\/v2\/users\/1"}],"replies":[{"embeddable":true,"href":"https:\/\/marrakech-events.com\/en\/wp-json\/wp\/v2\/comments?post=307"}],"version-history":[{"count":4,"href":"https:\/\/marrakech-events.com\/en\/wp-json\/wp\/v2\/pages\/307\/revisions"}],"predecessor-version":[{"id":393,"href":"https:\/\/marrakech-events.com\/en\/wp-json\/wp\/v2\/pages\/307\/revisions\/393"}],"wp:attachment":[{"href":"https:\/\/marrakech-events.com\/en\/wp-json\/wp\/v2\/media?parent=307"}],"curies":[{"name":"wp","href":"https:\/\/api.w.org\/{rel}","templated":true}]}}