{"id":308,"date":"2022-03-06T10:03:09","date_gmt":"2022-03-06T09:03:09","guid":{"rendered":"https:\/\/marrakech-events.com\/contact\/"},"modified":"2023-07-21T10:47:33","modified_gmt":"2023-07-21T08:47:33","slug":"contact","status":"publish","type":"page","link":"https:\/\/marrakech-events.com\/en\/contact\/","title":{"rendered":"Contact"},"content":{"rendered":"","protected":false},"excerpt":{"rendered":"","protected":false},"author":1,"featured_media":237,"parent":0,"menu_order":100,"comment_status":"closed","ping_status":"closed","template":"page-contact.php","meta":{"_acf_changed":false,"_monsterinsights_skip_tracking":false,"_monsterinsights_sitenote_active":false,"_monsterinsights_sitenote_note":"","_monsterinsights_sitenote_category":0,"footnotes":""},"class_list":["post-308","page","type-page","status-publish","has-post-thumbnail","hentry"],"acf":[],"yoast_head":"<!-- This site is optimized with the Yoast SEO plugin v27.4 - https:\/\/yoast.com\/product\/yoast-seo-wordpress\/ -->\n<title>Contact the event agency Marrakech Events: telephone, address<\/title>\n<meta name=\"description\" content=\"Find here all the contact details to contact the event agency Marrakech Events: address in Paris and Marrakech, email, telephones\" \/>\n<meta name=\"robots\" content=\"index, follow, max-snippet:-1, max-image-preview:large, max-video-preview:-1\" \/>\n<link rel=\"canonical\" href=\"https:\/\/marrakech-events.com\/en\/contact\/\" \/>\n<meta property=\"og:locale\" content=\"en_US\" \/>\n<meta property=\"og:type\" content=\"article\" \/>\n<meta property=\"og:title\" content=\"Contact the event agency Marrakech Events: telephone, address\" \/>\n<meta property=\"og:description\" content=\"Find here all the contact details to contact the event agency Marrakech Events: address in Paris and Marrakech, email, telephones\" \/>\n<meta property=\"og:url\" content=\"https:\/\/marrakech-events.com\/en\/contact\/\" \/>\n<meta property=\"og:site_name\" content=\"Marrakech Events, Incentive et s\u00e9minaires \u00e0 Marrakech au Maroc\" \/>\n<meta property=\"article:modified_time\" content=\"2023-07-21T08:47:33+00:00\" \/>\n<meta property=\"og:image\" content=\"https:\/\/marrakech-events.com\/wp-content\/uploads\/2022\/04\/CONTACT_HOME.jpg\" \/>\n\t<meta property=\"og:image:width\" content=\"997\" \/>\n\t<meta property=\"og:image:height\" content=\"655\" \/>\n\t<meta property=\"og:image:type\" content=\"image\/jpeg\" \/>\n<meta name=\"twitter:card\" content=\"summary_large_image\" \/>\n<script type=\"application\/ld+json\" class=\"yoast-schema-graph\">{\"@context\":\"https:\\\/\\\/schema.org\",\"@graph\":[{\"@type\":\"WebPage\",\"@id\":\"https:\\\/\\\/marrakech-events.com\\\/en\\\/contact\\\/\",\"url\":\"https:\\\/\\\/marrakech-events.com\\\/en\\\/contact\\\/\",\"name\":\"Contact the event agency Marrakech Events: telephone, address\",\"isPartOf\":{\"@id\":\"https:\\\/\\\/marrakech-events.com\\\/#website\"},\"primaryImageOfPage\":{\"@id\":\"https:\\\/\\\/marrakech-events.com\\\/en\\\/contact\\\/#primaryimage\"},\"image\":{\"@id\":\"https:\\\/\\\/marrakech-events.com\\\/en\\\/contact\\\/#primaryimage\"},\"thumbnailUrl\":\"https:\\\/\\\/marrakech-events.com\\\/wp-content\\\/uploads\\\/2022\\\/04\\\/CONTACT_HOME.jpg\",\"datePublished\":\"2022-03-06T09:03:09+00:00\",\"dateModified\":\"2023-07-21T08:47:33+00:00\",\"description\":\"Find here all the contact details to contact the event agency Marrakech Events: address in Paris and Marrakech, email, telephones\",\"inLanguage\":\"en-US\",\"potentialAction\":[{\"@type\":\"ReadAction\",\"target\":[\"https:\\\/\\\/marrakech-events.com\\\/en\\\/contact\\\/\"]}]},{\"@type\":\"ImageObject\",\"inLanguage\":\"en-US\",\"@id\":\"https:\\\/\\\/marrakech-events.com\\\/en\\\/contact\\\/#primaryimage\",\"url\":\"https:\\\/\\\/marrakech-events.com\\\/wp-content\\\/uploads\\\/2022\\\/04\\\/CONTACT_HOME.jpg\",\"contentUrl\":\"https:\\\/\\\/marrakech-events.com\\\/wp-content\\\/uploads\\\/2022\\\/04\\\/CONTACT_HOME.jpg\",\"width\":997,\"height\":655},{\"@type\":\"WebSite\",\"@id\":\"https:\\\/\\\/marrakech-events.com\\\/#website\",\"url\":\"https:\\\/\\\/marrakech-events.com\\\/\",\"name\":\"Marrakech Events, Incentive et s\u00e9minaires \u00e0 Marrakech au Maroc\",\"description\":\"Marrakech Events, Incentive et s\u00e9minaires \u00e0 Marrakech au Maroc\",\"potentialAction\":[{\"@type\":\"SearchAction\",\"target\":{\"@type\":\"EntryPoint\",\"urlTemplate\":\"https:\\\/\\\/marrakech-events.com\\\/?s={search_term_string}\"},\"query-input\":{\"@type\":\"PropertyValueSpecification\",\"valueRequired\":true,\"valueName\":\"search_term_string\"}}],\"inLanguage\":\"en-US\"}]}<\/script>\n<!-- \/ Yoast SEO plugin. -->","yoast_head_json":{"title":"Contact the event agency Marrakech Events: telephone, address","description":"Find here all the contact details to contact the event agency Marrakech Events: address in Paris and Marrakech, email, telephones","robots":{"index":"index","follow":"follow","max-snippet":"max-snippet:-1","max-image-preview":"max-image-preview:large","max-video-preview":"max-video-preview:-1"},"canonical":"https:\/\/marrakech-events.com\/en\/contact\/","og_locale":"en_US","og_type":"article","og_title":"Contact the event agency Marrakech Events: telephone, address","og_description":"Find here all the contact details to contact the event agency Marrakech Events: address in Paris and Marrakech, email, telephones","og_url":"https:\/\/marrakech-events.com\/en\/contact\/","og_site_name":"Marrakech Events, Incentive et s\u00e9minaires \u00e0 Marrakech au Maroc","article_modified_time":"2023-07-21T08:47:33+00:00","og_image":[{"width":997,"height":655,"url":"https:\/\/marrakech-events.com\/wp-content\/uploads\/2022\/04\/CONTACT_HOME.jpg","type":"image\/jpeg"}],"twitter_card":"summary_large_image","schema":{"@context":"https:\/\/schema.org","@graph":[{"@type":"WebPage","@id":"https:\/\/marrakech-events.com\/en\/contact\/","url":"https:\/\/marrakech-events.com\/en\/contact\/","name":"Contact the event agency Marrakech Events: telephone, address","isPartOf":{"@id":"https:\/\/marrakech-events.com\/#website"},"primaryImageOfPage":{"@id":"https:\/\/marrakech-events.com\/en\/contact\/#primaryimage"},"image":{"@id":"https:\/\/marrakech-events.com\/en\/contact\/#primaryimage"},"thumbnailUrl":"https:\/\/marrakech-events.com\/wp-content\/uploads\/2022\/04\/CONTACT_HOME.jpg","datePublished":"2022-03-06T09:03:09+00:00","dateModified":"2023-07-21T08:47:33+00:00","description":"Find here all the contact details to contact the event agency Marrakech Events: address in Paris and Marrakech, email, telephones","inLanguage":"en-US","potentialAction":[{"@type":"ReadAction","target":["https:\/\/marrakech-events.com\/en\/contact\/"]}]},{"@type":"ImageObject","inLanguage":"en-US","@id":"https:\/\/marrakech-events.com\/en\/contact\/#primaryimage","url":"https:\/\/marrakech-events.com\/wp-content\/uploads\/2022\/04\/CONTACT_HOME.jpg","contentUrl":"https:\/\/marrakech-events.com\/wp-content\/uploads\/2022\/04\/CONTACT_HOME.jpg","width":997,"height":655},{"@type":"WebSite","@id":"https:\/\/marrakech-events.com\/#website","url":"https:\/\/marrakech-events.com\/","name":"Marrakech Events, Incentive et s\u00e9minaires \u00e0 Marrakech au Maroc","description":"Marrakech Events, Incentive et s\u00e9minaires \u00e0 Marrakech au Maroc","potentialAction":[{"@type":"SearchAction","target":{"@type":"EntryPoint","urlTemplate":"https:\/\/marrakech-events.com\/?s={search_term_string}"},"query-input":{"@type":"PropertyValueSpecification","valueRequired":true,"valueName":"search_term_string"}}],"inLanguage":"en-US"}]}},"_links":{"self":[{"href":"https:\/\/marrakech-events.com\/en\/wp-json\/wp\/v2\/pages\/308","targetHints":{"allow":["GET"]}}],"collection":[{"href":"https:\/\/marrakech-events.com\/en\/wp-json\/wp\/v2\/pages"}],"about":[{"href":"https:\/\/marrakech-events.com\/en\/wp-json\/wp\/v2\/types\/page"}],"author":[{"embeddable":true,"href":"https:\/\/marrakech-events.com\/en\/wp-json\/wp\/v2\/users\/1"}],"replies":[{"embeddable":true,"href":"https:\/\/marrakech-events.com\/en\/wp-json\/wp\/v2\/comments?post=308"}],"version-history":[{"count":9,"href":"https:\/\/marrakech-events.com\/en\/wp-json\/wp\/v2\/pages\/308\/revisions"}],"predecessor-version":[{"id":882,"href":"https:\/\/marrakech-events.com\/en\/wp-json\/wp\/v2\/pages\/308\/revisions\/882"}],"wp:featuredmedia":[{"embeddable":true,"href":"https:\/\/marrakech-events.com\/en\/wp-json\/wp\/v2\/media\/237"}],"wp:attachment":[{"href":"https:\/\/marrakech-events.com\/en\/wp-json\/wp\/v2\/media?parent=308"}],"curies":[{"name":"wp","href":"https:\/\/api.w.org\/{rel}","templated":true}]}}