{"id":369,"date":"2022-04-19T15:48:07","date_gmt":"2022-04-19T13:48:07","guid":{"rendered":"https:\/\/marrakech-events.com\/?page_id=369"},"modified":"2023-09-18T15:34:13","modified_gmt":"2023-09-18T13:34:13","slug":"legals","status":"publish","type":"page","link":"https:\/\/marrakech-events.com\/en\/legals\/","title":{"rendered":"Legals"},"content":{"rendered":"\n<p><strong>PUBLISHER<\/strong><\/p>\n\n\n\n<p>Editor in Chief: Marie-Ga\u00eblle Goumet<\/p>\n\n\n\n<p>PREFERENCE EVENTS<\/p>\n\n\n\n<p>10 rue Jean-Baptiste Say \u2013 75009 Paris \u2013 FRANCE<\/p>\n\n\n\n<p>Phone: +33 (0)1 55 20 07 67 \u2013 Fax: +33 (0)1 47 04 68 29<\/p>\n\n\n\n<p>Email: info@preference-events.com<\/p>\n\n\n\n<p><strong>PHOTO CREDITS<\/strong><\/p>\n\n\n\n<p>Shutterstock \u2013 Preference Events<\/p>\n\n\n\n<p>Visuals are non-binding.<\/p>\n\n\n\n<p><strong>HOSTING<\/strong><\/p>\n\n\n\n<p>The website is hosted by OVH<\/p>\n\n\n\n<p>OVH \u2013 140, quai du Sartel \u2013 59100 Roubaix<\/p>\n\n\n\n<p><strong>INTELLECTUAL PROPERTY \u2013 COPYRIGHT<\/strong><\/p>\n\n\n\n<p>The texts, logos, downloadable files, databases, video or audio clips appearing on this site are the exclusive property of Preference Events. These elements are protected by French laws and international texts relating to copyright and intellectual property. Reproduction and\/or representation of these elements is only authorized for informational purposes for strictly personal and private use. Commercial use of these elements is prohibited without prior authorization from Preference Events.<\/p>\n\n\n\n<p>The presentation of any page of the marrakech-events.com site on a web page that does not belong to it (framing) is prohibited. The practice of calling up an element of the marrakech-events.com site in a web page that does not belong to the site (in-line linking) is strictly prohibited. Prior approval from Preference Events is required for the establishment of hyperlinks to any page other than the homepage of the marrakech-events.com site (Deep Linking). This approval can be obtained through a request sent by email to info@preference-events.com. Any use of elements from this site will be subject to legal action, both in France and abroad. Databases are protected under applicable data compilation laws. Any extraction or attempted extraction, in whole or in part, may incur civil and criminal liability on the part of the infringer.<\/p>\n\n\n\n<p>The entire site is subject to French and international copyright and intellectual property laws. Any extraction and\/or reproduction of a substantial part of the information disseminated on the site is prohibited without the express prior authorization of Preference Events. Reproduction of all or part of this site on any electronic or paper medium is strictly prohibited without the express authorization of the editor-in-chief. However, the extraction and reproduction of texts from this site on paper media is authorized for exclusive internal use, for the sole needs of the user, on the condition of clearly and precisely mentioning the source (example: &#8220;this document comes from the website of Preference Events: https:\/\/marrakech-events.com&#8221;).<\/p>\n\n\n\n<p><strong>PERSONAL DATA<\/strong><\/p>\n\n\n\n<p>This site is subject to compliance with the French law of August 6, 2004, known as &#8220;Informatique et Libert\u00e9s&#8221;; it has been declared to the National Commission for Information Technology and Civil Liberties (CNIL) under registration number (in progress).<\/p>\n\n\n\n<p>File number (in progress) declared by PREFERENCE EVENTS<\/p>\n\n\n\n<p>Right of access with PREFERENCE EVENTS 48, rue de la Bienfaisance \u2013 75008 Paris \u2013 FRANCE In accordance with the law of August 6, 2004, known as &#8220;Informatique et Libert\u00e9s&#8221;, you have the right to access, rectify, and delete data concerning you. Contact us at the following address:<\/p>\n\n\n\n<p>PREFERENCE EVENTS \u2013 48, rue de la Bienfaisance \u2013 75008 Paris \u2013 FRANCE, attaching a copy of your ID card or passport to your letter.<\/p>\n\n\n\n<p><strong>COOKIE INFORMATION<\/strong><\/p>\n\n\n\n<p>The user is informed that during his visits to the site, a &#8220;cookie&#8221; may be automatically installed on his browsing software. A &#8220;cookie&#8221; is a data block that does not allow the user to be identified but is used to record information about his navigation on the site. This process is intended to allow PREFERENCE EVENTS to track users as they navigate the marrakech-events.com site in order to better respond to their expectations and needs. However, the user can oppose the installation of &#8220;cookies&#8221; by disabling this option in his browser settings.<\/p>\n\n\n\n<p><strong>USE OF COLLECTED INFORMATION<\/strong><\/p>\n\n\n\n<p>Email messages sent via the links on this site are kept for processing and for the time necessary for their processing. We undertake not to communicate your data to any third party without your prior consent. The right to access and rectify can be exercised with Exercise Right to Object (Opt-out) If you do not wish your personal data to be used for prospecting purposes by Preference Events, please let us know at info@preference-events.com, specifying the data concerned.<\/p>\n\n\n\n<p><strong>LIABILITY<\/strong><\/p>\n\n\n\n<p>Hypertext links set up as part of this site to other sites or resources on the Internet cannot engage the responsibility of the site&#8217;s publisher, in particular with regard to the services offered by the designated sites.<\/p>\n\n\n\n<p><strong>UPDATING OF LEGAL NOTICES<\/strong><\/p>\n\n\n\n<p>Preference Events reserves the right to update this legal notice at any time, depending on the evolution of the site&#8217;s content and the additional protection constraints required. Preference Events therefore invites all users to visit this page each time they consult the site to become aware of it.<\/p>\n\n\n\n<p><strong>LINKS TO OTHER SITES<\/strong><\/p>\n\n\n\n<p>We offer links to websites for which Preference Events has provided, as part of its activity, interventions or services of any kind. Users and visitors to the website are not permitted to create a hyperlink to this site (marrakech-events.com) without the express prior authorization of Preference Events.<\/p>\n","protected":false},"excerpt":{"rendered":"<p>PUBLISHER Editor in Chief: Marie-Ga\u00eblle Goumet PREFERENCE EVENTS 10 rue Jean-Baptiste Say \u2013 75009 Paris \u2013 FRANCE Phone: +33 (0)1 55 20 07 67 \u2013 Fax: +33 (0)1 47 04 68 29 Email: info@preference-events.com PHOTO CREDITS Shutterstock \u2013 Preference Events Visuals are non-binding. HOSTING The website is hosted by OVH OVH \u2013 140, quai du [&hellip;]<\/p>\n","protected":false},"author":1,"featured_media":191,"parent":0,"menu_order":500,"comment_status":"closed","ping_status":"closed","template":"","meta":{"_acf_changed":false,"_monsterinsights_skip_tracking":false,"_monsterinsights_sitenote_active":false,"_monsterinsights_sitenote_note":"","_monsterinsights_sitenote_category":0,"footnotes":""},"class_list":["post-369","page","type-page","status-publish","has-post-thumbnail","hentry"],"acf":[],"yoast_head":"<!-- This site is optimized with the Yoast SEO plugin v27.3 - https:\/\/yoast.com\/product\/yoast-seo-wordpress\/ -->\n<title>Legals - Marrakech Events, Incentive et s\u00e9minaires \u00e0 Marrakech au Maroc<\/title>\n<meta name=\"description\" content=\"Consult here the legal notices of the event agency Marrakech Events: organization of events for companies, seminars in Marrakech in Morocco\" \/>\n<meta name=\"robots\" content=\"index, follow, max-snippet:-1, max-image-preview:large, max-video-preview:-1\" \/>\n<link rel=\"canonical\" href=\"https:\/\/marrakech-events.com\/en\/legals\/\" \/>\n<meta property=\"og:locale\" content=\"en_US\" \/>\n<meta property=\"og:type\" content=\"article\" \/>\n<meta property=\"og:title\" content=\"Legals - Marrakech Events, Incentive et s\u00e9minaires \u00e0 Marrakech au Maroc\" \/>\n<meta property=\"og:description\" content=\"Consult here the legal notices of the event agency Marrakech Events: organization of events for companies, seminars in Marrakech in Morocco\" \/>\n<meta property=\"og:url\" content=\"https:\/\/marrakech-events.com\/en\/legals\/\" \/>\n<meta property=\"og:site_name\" content=\"Marrakech Events, Incentive et s\u00e9minaires \u00e0 Marrakech au Maroc\" \/>\n<meta property=\"article:modified_time\" content=\"2023-09-18T13:34:13+00:00\" \/>\n<meta property=\"og:image\" content=\"https:\/\/marrakech-events.com\/wp-content\/uploads\/2022\/03\/marrakech-events.jpg\" \/>\n\t<meta property=\"og:image:width\" content=\"2200\" \/>\n\t<meta property=\"og:image:height\" content=\"1299\" \/>\n\t<meta property=\"og:image:type\" content=\"image\/jpeg\" \/>\n<meta name=\"twitter:card\" content=\"summary_large_image\" \/>\n<meta name=\"twitter:label1\" content=\"Est. reading time\" \/>\n\t<meta name=\"twitter:data1\" content=\"5 minutes\" \/>\n<script type=\"application\/ld+json\" class=\"yoast-schema-graph\">{\"@context\":\"https:\\\/\\\/schema.org\",\"@graph\":[{\"@type\":\"WebPage\",\"@id\":\"https:\\\/\\\/marrakech-events.com\\\/en\\\/legals\\\/\",\"url\":\"https:\\\/\\\/marrakech-events.com\\\/en\\\/legals\\\/\",\"name\":\"Legals - Marrakech Events, Incentive et s\u00e9minaires \u00e0 Marrakech au Maroc\",\"isPartOf\":{\"@id\":\"https:\\\/\\\/marrakech-events.com\\\/#website\"},\"primaryImageOfPage\":{\"@id\":\"https:\\\/\\\/marrakech-events.com\\\/en\\\/legals\\\/#primaryimage\"},\"image\":{\"@id\":\"https:\\\/\\\/marrakech-events.com\\\/en\\\/legals\\\/#primaryimage\"},\"thumbnailUrl\":\"https:\\\/\\\/marrakech-events.com\\\/wp-content\\\/uploads\\\/2022\\\/03\\\/marrakech-events.jpg\",\"datePublished\":\"2022-04-19T13:48:07+00:00\",\"dateModified\":\"2023-09-18T13:34:13+00:00\",\"description\":\"Consult here the legal notices of the event agency Marrakech Events: organization of events for companies, seminars in Marrakech in Morocco\",\"inLanguage\":\"en-US\",\"potentialAction\":[{\"@type\":\"ReadAction\",\"target\":[\"https:\\\/\\\/marrakech-events.com\\\/en\\\/legals\\\/\"]}]},{\"@type\":\"ImageObject\",\"inLanguage\":\"en-US\",\"@id\":\"https:\\\/\\\/marrakech-events.com\\\/en\\\/legals\\\/#primaryimage\",\"url\":\"https:\\\/\\\/marrakech-events.com\\\/wp-content\\\/uploads\\\/2022\\\/03\\\/marrakech-events.jpg\",\"contentUrl\":\"https:\\\/\\\/marrakech-events.com\\\/wp-content\\\/uploads\\\/2022\\\/03\\\/marrakech-events.jpg\",\"width\":2200,\"height\":1299},{\"@type\":\"WebSite\",\"@id\":\"https:\\\/\\\/marrakech-events.com\\\/#website\",\"url\":\"https:\\\/\\\/marrakech-events.com\\\/\",\"name\":\"Marrakech Events, Incentive et s\u00e9minaires \u00e0 Marrakech au Maroc\",\"description\":\"Marrakech Events, Incentive et s\u00e9minaires \u00e0 Marrakech au Maroc\",\"potentialAction\":[{\"@type\":\"SearchAction\",\"target\":{\"@type\":\"EntryPoint\",\"urlTemplate\":\"https:\\\/\\\/marrakech-events.com\\\/?s={search_term_string}\"},\"query-input\":{\"@type\":\"PropertyValueSpecification\",\"valueRequired\":true,\"valueName\":\"search_term_string\"}}],\"inLanguage\":\"en-US\"}]}<\/script>\n<!-- \/ Yoast SEO plugin. -->","yoast_head_json":{"title":"Legals - Marrakech Events, Incentive et s\u00e9minaires \u00e0 Marrakech au Maroc","description":"Consult here the legal notices of the event agency Marrakech Events: organization of events for companies, seminars in Marrakech in Morocco","robots":{"index":"index","follow":"follow","max-snippet":"max-snippet:-1","max-image-preview":"max-image-preview:large","max-video-preview":"max-video-preview:-1"},"canonical":"https:\/\/marrakech-events.com\/en\/legals\/","og_locale":"en_US","og_type":"article","og_title":"Legals - Marrakech Events, Incentive et s\u00e9minaires \u00e0 Marrakech au Maroc","og_description":"Consult here the legal notices of the event agency Marrakech Events: organization of events for companies, seminars in Marrakech in Morocco","og_url":"https:\/\/marrakech-events.com\/en\/legals\/","og_site_name":"Marrakech Events, Incentive et s\u00e9minaires \u00e0 Marrakech au Maroc","article_modified_time":"2023-09-18T13:34:13+00:00","og_image":[{"width":2200,"height":1299,"url":"https:\/\/marrakech-events.com\/wp-content\/uploads\/2022\/03\/marrakech-events.jpg","type":"image\/jpeg"}],"twitter_card":"summary_large_image","twitter_misc":{"Est. reading time":"5 minutes"},"schema":{"@context":"https:\/\/schema.org","@graph":[{"@type":"WebPage","@id":"https:\/\/marrakech-events.com\/en\/legals\/","url":"https:\/\/marrakech-events.com\/en\/legals\/","name":"Legals - Marrakech Events, Incentive et s\u00e9minaires \u00e0 Marrakech au Maroc","isPartOf":{"@id":"https:\/\/marrakech-events.com\/#website"},"primaryImageOfPage":{"@id":"https:\/\/marrakech-events.com\/en\/legals\/#primaryimage"},"image":{"@id":"https:\/\/marrakech-events.com\/en\/legals\/#primaryimage"},"thumbnailUrl":"https:\/\/marrakech-events.com\/wp-content\/uploads\/2022\/03\/marrakech-events.jpg","datePublished":"2022-04-19T13:48:07+00:00","dateModified":"2023-09-18T13:34:13+00:00","description":"Consult here the legal notices of the event agency Marrakech Events: organization of events for companies, seminars in Marrakech in Morocco","inLanguage":"en-US","potentialAction":[{"@type":"ReadAction","target":["https:\/\/marrakech-events.com\/en\/legals\/"]}]},{"@type":"ImageObject","inLanguage":"en-US","@id":"https:\/\/marrakech-events.com\/en\/legals\/#primaryimage","url":"https:\/\/marrakech-events.com\/wp-content\/uploads\/2022\/03\/marrakech-events.jpg","contentUrl":"https:\/\/marrakech-events.com\/wp-content\/uploads\/2022\/03\/marrakech-events.jpg","width":2200,"height":1299},{"@type":"WebSite","@id":"https:\/\/marrakech-events.com\/#website","url":"https:\/\/marrakech-events.com\/","name":"Marrakech Events, Incentive et s\u00e9minaires \u00e0 Marrakech au Maroc","description":"Marrakech Events, Incentive et s\u00e9minaires \u00e0 Marrakech au Maroc","potentialAction":[{"@type":"SearchAction","target":{"@type":"EntryPoint","urlTemplate":"https:\/\/marrakech-events.com\/?s={search_term_string}"},"query-input":{"@type":"PropertyValueSpecification","valueRequired":true,"valueName":"search_term_string"}}],"inLanguage":"en-US"}]}},"_links":{"self":[{"href":"https:\/\/marrakech-events.com\/en\/wp-json\/wp\/v2\/pages\/369","targetHints":{"allow":["GET"]}}],"collection":[{"href":"https:\/\/marrakech-events.com\/en\/wp-json\/wp\/v2\/pages"}],"about":[{"href":"https:\/\/marrakech-events.com\/en\/wp-json\/wp\/v2\/types\/page"}],"author":[{"embeddable":true,"href":"https:\/\/marrakech-events.com\/en\/wp-json\/wp\/v2\/users\/1"}],"replies":[{"embeddable":true,"href":"https:\/\/marrakech-events.com\/en\/wp-json\/wp\/v2\/comments?post=369"}],"version-history":[{"count":7,"href":"https:\/\/marrakech-events.com\/en\/wp-json\/wp\/v2\/pages\/369\/revisions"}],"predecessor-version":[{"id":1101,"href":"https:\/\/marrakech-events.com\/en\/wp-json\/wp\/v2\/pages\/369\/revisions\/1101"}],"wp:featuredmedia":[{"embeddable":true,"href":"https:\/\/marrakech-events.com\/en\/wp-json\/wp\/v2\/media\/191"}],"wp:attachment":[{"href":"https:\/\/marrakech-events.com\/en\/wp-json\/wp\/v2\/media?parent=369"}],"curies":[{"name":"wp","href":"https:\/\/api.w.org\/{rel}","templated":true}]}}