{"id":374,"date":"2022-03-05T22:23:11","date_gmt":"2022-03-05T21:23:11","guid":{"rendered":"https:\/\/marrakech-events.com\/?page_id=374"},"modified":"2023-09-18T15:29:22","modified_gmt":"2023-09-18T13:29:22","slug":"privacy-policy","status":"publish","type":"page","link":"https:\/\/marrakech-events.com\/en\/privacy-policy\/","title":{"rendered":"Privacy Policy"},"content":{"rendered":"","protected":false},"excerpt":{"rendered":"","protected":false},"author":1,"featured_media":179,"parent":0,"menu_order":200,"comment_status":"closed","ping_status":"open","template":"","meta":{"_acf_changed":false,"_monsterinsights_skip_tracking":false,"_monsterinsights_sitenote_active":false,"_monsterinsights_sitenote_note":"","_monsterinsights_sitenote_category":0,"footnotes":""},"class_list":["post-374","page","type-page","status-publish","has-post-thumbnail","hentry"],"acf":[],"yoast_head":"<!-- This site is optimized with the Yoast SEO plugin v27.6 - https:\/\/yoast.com\/product\/yoast-seo-wordpress\/ -->\n<title>Privacy Policy - Marrakech Events<\/title>\n<meta name=\"description\" content=\"The privacy policy of the Marrakech Events website, the website for organizing events in Morocco for companies and individuals\" \/>\n<meta name=\"robots\" content=\"index, follow, max-snippet:-1, max-image-preview:large, max-video-preview:-1\" \/>\n<link rel=\"canonical\" href=\"https:\/\/marrakech-events.com\/en\/privacy-policy\/\" \/>\n<meta property=\"og:locale\" content=\"en_US\" \/>\n<meta property=\"og:type\" content=\"article\" \/>\n<meta property=\"og:title\" content=\"Privacy Policy - Marrakech Events\" \/>\n<meta property=\"og:description\" content=\"The privacy policy of the Marrakech Events website, the website for organizing events in Morocco for companies and individuals\" \/>\n<meta property=\"og:url\" content=\"https:\/\/marrakech-events.com\/en\/privacy-policy\/\" \/>\n<meta property=\"og:site_name\" content=\"Marrakech Events, Incentive et s\u00e9minaires \u00e0 Marrakech au Maroc\" \/>\n<meta property=\"article:modified_time\" content=\"2023-09-18T13:29:22+00:00\" \/>\n<meta property=\"og:image\" content=\"https:\/\/marrakech-events.com\/wp-content\/uploads\/2022\/03\/WEEKEND_MARRAKECH_DETENTE_1.jpg\" \/>\n\t<meta property=\"og:image:width\" content=\"2500\" \/>\n\t<meta property=\"og:image:height\" content=\"1667\" \/>\n\t<meta property=\"og:image:type\" content=\"image\/jpeg\" \/>\n<meta name=\"twitter:card\" content=\"summary_large_image\" \/>\n<script type=\"application\/ld+json\" class=\"yoast-schema-graph\">{\"@context\":\"https:\\\/\\\/schema.org\",\"@graph\":[{\"@type\":\"WebPage\",\"@id\":\"https:\\\/\\\/marrakech-events.com\\\/en\\\/privacy-policy\\\/\",\"url\":\"https:\\\/\\\/marrakech-events.com\\\/en\\\/privacy-policy\\\/\",\"name\":\"Privacy Policy - Marrakech Events\",\"isPartOf\":{\"@id\":\"https:\\\/\\\/marrakech-events.com\\\/#website\"},\"primaryImageOfPage\":{\"@id\":\"https:\\\/\\\/marrakech-events.com\\\/en\\\/privacy-policy\\\/#primaryimage\"},\"image\":{\"@id\":\"https:\\\/\\\/marrakech-events.com\\\/en\\\/privacy-policy\\\/#primaryimage\"},\"thumbnailUrl\":\"https:\\\/\\\/marrakech-events.com\\\/wp-content\\\/uploads\\\/2022\\\/03\\\/WEEKEND_MARRAKECH_DETENTE_1.jpg\",\"datePublished\":\"2022-03-05T21:23:11+00:00\",\"dateModified\":\"2023-09-18T13:29:22+00:00\",\"description\":\"The privacy policy of the Marrakech Events website, the website for organizing events in Morocco for companies and individuals\",\"inLanguage\":\"en-US\",\"potentialAction\":[{\"@type\":\"ReadAction\",\"target\":[\"https:\\\/\\\/marrakech-events.com\\\/en\\\/privacy-policy\\\/\"]}]},{\"@type\":\"ImageObject\",\"inLanguage\":\"en-US\",\"@id\":\"https:\\\/\\\/marrakech-events.com\\\/en\\\/privacy-policy\\\/#primaryimage\",\"url\":\"https:\\\/\\\/marrakech-events.com\\\/wp-content\\\/uploads\\\/2022\\\/03\\\/WEEKEND_MARRAKECH_DETENTE_1.jpg\",\"contentUrl\":\"https:\\\/\\\/marrakech-events.com\\\/wp-content\\\/uploads\\\/2022\\\/03\\\/WEEKEND_MARRAKECH_DETENTE_1.jpg\",\"width\":2500,\"height\":1667,\"caption\":\"Tropical palm trees reflection in the water pool.\"},{\"@type\":\"WebSite\",\"@id\":\"https:\\\/\\\/marrakech-events.com\\\/#website\",\"url\":\"https:\\\/\\\/marrakech-events.com\\\/\",\"name\":\"Marrakech Events, Incentive et s\u00e9minaires \u00e0 Marrakech au Maroc\",\"description\":\"Marrakech Events, Incentive et s\u00e9minaires \u00e0 Marrakech au Maroc\",\"potentialAction\":[{\"@type\":\"SearchAction\",\"target\":{\"@type\":\"EntryPoint\",\"urlTemplate\":\"https:\\\/\\\/marrakech-events.com\\\/?s={search_term_string}\"},\"query-input\":{\"@type\":\"PropertyValueSpecification\",\"valueRequired\":true,\"valueName\":\"search_term_string\"}}],\"inLanguage\":\"en-US\"}]}<\/script>\n<!-- \/ Yoast SEO plugin. -->","yoast_head_json":{"title":"Privacy Policy - Marrakech Events","description":"The privacy policy of the Marrakech Events website, the website for organizing events in Morocco for companies and individuals","robots":{"index":"index","follow":"follow","max-snippet":"max-snippet:-1","max-image-preview":"max-image-preview:large","max-video-preview":"max-video-preview:-1"},"canonical":"https:\/\/marrakech-events.com\/en\/privacy-policy\/","og_locale":"en_US","og_type":"article","og_title":"Privacy Policy - Marrakech Events","og_description":"The privacy policy of the Marrakech Events website, the website for organizing events in Morocco for companies and individuals","og_url":"https:\/\/marrakech-events.com\/en\/privacy-policy\/","og_site_name":"Marrakech Events, Incentive et s\u00e9minaires \u00e0 Marrakech au Maroc","article_modified_time":"2023-09-18T13:29:22+00:00","og_image":[{"width":2500,"height":1667,"url":"https:\/\/marrakech-events.com\/wp-content\/uploads\/2022\/03\/WEEKEND_MARRAKECH_DETENTE_1.jpg","type":"image\/jpeg"}],"twitter_card":"summary_large_image","schema":{"@context":"https:\/\/schema.org","@graph":[{"@type":"WebPage","@id":"https:\/\/marrakech-events.com\/en\/privacy-policy\/","url":"https:\/\/marrakech-events.com\/en\/privacy-policy\/","name":"Privacy Policy - Marrakech Events","isPartOf":{"@id":"https:\/\/marrakech-events.com\/#website"},"primaryImageOfPage":{"@id":"https:\/\/marrakech-events.com\/en\/privacy-policy\/#primaryimage"},"image":{"@id":"https:\/\/marrakech-events.com\/en\/privacy-policy\/#primaryimage"},"thumbnailUrl":"https:\/\/marrakech-events.com\/wp-content\/uploads\/2022\/03\/WEEKEND_MARRAKECH_DETENTE_1.jpg","datePublished":"2022-03-05T21:23:11+00:00","dateModified":"2023-09-18T13:29:22+00:00","description":"The privacy policy of the Marrakech Events website, the website for organizing events in Morocco for companies and individuals","inLanguage":"en-US","potentialAction":[{"@type":"ReadAction","target":["https:\/\/marrakech-events.com\/en\/privacy-policy\/"]}]},{"@type":"ImageObject","inLanguage":"en-US","@id":"https:\/\/marrakech-events.com\/en\/privacy-policy\/#primaryimage","url":"https:\/\/marrakech-events.com\/wp-content\/uploads\/2022\/03\/WEEKEND_MARRAKECH_DETENTE_1.jpg","contentUrl":"https:\/\/marrakech-events.com\/wp-content\/uploads\/2022\/03\/WEEKEND_MARRAKECH_DETENTE_1.jpg","width":2500,"height":1667,"caption":"Tropical palm trees reflection in the water pool."},{"@type":"WebSite","@id":"https:\/\/marrakech-events.com\/#website","url":"https:\/\/marrakech-events.com\/","name":"Marrakech Events, Incentive et s\u00e9minaires \u00e0 Marrakech au Maroc","description":"Marrakech Events, Incentive et s\u00e9minaires \u00e0 Marrakech au Maroc","potentialAction":[{"@type":"SearchAction","target":{"@type":"EntryPoint","urlTemplate":"https:\/\/marrakech-events.com\/?s={search_term_string}"},"query-input":{"@type":"PropertyValueSpecification","valueRequired":true,"valueName":"search_term_string"}}],"inLanguage":"en-US"}]}},"_links":{"self":[{"href":"https:\/\/marrakech-events.com\/en\/wp-json\/wp\/v2\/pages\/374","targetHints":{"allow":["GET"]}}],"collection":[{"href":"https:\/\/marrakech-events.com\/en\/wp-json\/wp\/v2\/pages"}],"about":[{"href":"https:\/\/marrakech-events.com\/en\/wp-json\/wp\/v2\/types\/page"}],"author":[{"embeddable":true,"href":"https:\/\/marrakech-events.com\/en\/wp-json\/wp\/v2\/users\/1"}],"replies":[{"embeddable":true,"href":"https:\/\/marrakech-events.com\/en\/wp-json\/wp\/v2\/comments?post=374"}],"version-history":[{"count":3,"href":"https:\/\/marrakech-events.com\/en\/wp-json\/wp\/v2\/pages\/374\/revisions"}],"predecessor-version":[{"id":1096,"href":"https:\/\/marrakech-events.com\/en\/wp-json\/wp\/v2\/pages\/374\/revisions\/1096"}],"wp:featuredmedia":[{"embeddable":true,"href":"https:\/\/marrakech-events.com\/en\/wp-json\/wp\/v2\/media\/179"}],"wp:attachment":[{"href":"https:\/\/marrakech-events.com\/en\/wp-json\/wp\/v2\/media?parent=374"}],"curies":[{"name":"wp","href":"https:\/\/api.w.org\/{rel}","templated":true}]}}